{"id":414,"date":"2018-08-12T23:52:42","date_gmt":"2018-08-12T22:52:42","guid":{"rendered":"http:\/\/mvssteinheim.de\/web\/?page_id=414"},"modified":"2020-11-03T15:21:16","modified_gmt":"2020-11-03T14:21:16","slug":"startseite","status":"publish","type":"page","link":"https:\/\/mvssteinheim.de\/web\/","title":{"rendered":"Startseite"},"content":{"rendered":"<p>[vc_row type=&#8220;full_width_section&#8220; bg_color=&#8220;#e4332d&#8220;][vc_column width=&#8220;1\/1&#8243;]<div class=\"callout clearfix\" style=\"background-color:#e4332d; color:#ffffff;\">\n\t\t<div class=\"callout-text\">Willkommen bei Ihrem zuverl\u00e4ssigen Partner f\u00fcr Outsourcing Dienstleistungen in Steinheim Westfalen. Kompetenz, Vertrauen, Flexibilit\u00e4t.<\/p>\n<\/div>\n\t\t\t<div class=\"callout-button\"><a class=\"button medium color-4\" href=\"\/web\/kontakt\" target=\"_self\">Anfrage stellen<\/a><\/div>\n\t\t<\/div>[\/vc_column][\/vc_row][vc_row][vc_column]<h1 class=\"headline font-special fontsize-xxl fontweight-600 lh-inherit align-center transform-inherit \" style=\"margin: 60px 0 10px 0;\">UNSERE LEISTUNGEN<\/h1><div class=\"divider divider8\" style='margin:0 0 30px 0 !important;'><\/div>[\/vc_column][\/vc_row][vc_row][vc_column width=&#8220;1\/3&#8243;]<div class=\"imagebox wpb_content_element style-2\"><div class=\"imagebox-img\"><a href='\/web\/leistungen#montage'><img decoding=\"async\" src=\"https:\/\/mvssteinheim.de\/web\/wp-content\/uploads\/2012\/03\/Fotolia_23609635_XS.jpg\" alt=\"\" \/><\/a><\/div>\n<h6>Produktion &amp; Montage<\/h6>\n<p>Die Auslagerung von einzelnen Produktionsschritten oder ganzen Produktionen ist unser Hauptfokus. Ob Vormontage, Montagearbeiten von Kleinteilen oder Komplettmontagen von Einzelbaugruppen, wir bieten f\u00fcr jeden Auftrag eine ma\u00dfgeschneiderte L\u00f6sung.<\/p>\n<a href=\"\/web\/leistungen-produktion-montage\/\" target=\"_self\" class=\"button color-3 small \" style=\"border-radius: 2px;\">Mehr erfahren<\/a><\/div>[\/vc_column][vc_column width=&#8220;1\/3&#8243;]<div class=\"imagebox wpb_content_element style-2\"><div class=\"imagebox-img\"><a href='\/web\/leistungen#verpackung'><img decoding=\"async\" src=\"https:\/\/mvssteinheim.de\/web\/wp-content\/uploads\/2016\/07\/160316-153547.jpg\" alt=\"Service\" \/><\/a><\/div>\n<h6>Verpackung &amp; Logistik<\/h6>\n<p>Im Verpackungs- und Logistikbereich sind wir mit jeglichen Anforderungen der Wertsch\u00f6pfungskette vertraut und k\u00f6nnen Ihnen mit Erfahrung und Know-How zur Seite stehen, um Potentiale gemeinsam zu identifizieren und Herausforderungen effizient zu l\u00f6sen.<\/p>\n<a href=\"\/web\/leistungen-verpackung-logistik\/\" target=\"_self\" class=\"button color-3 small \" style=\"border-radius: 2px;\">Mehr erfahren<\/a><\/div>[\/vc_column][vc_column width=&#8220;1\/3&#8243;]<div class=\"imagebox wpb_content_element style-2\"><div class=\"imagebox-img\"><a href='\/web\/leistungen#service'><img decoding=\"async\" src=\"https:\/\/mvssteinheim.de\/web\/wp-content\/uploads\/2012\/03\/Fotolia_11444494_XS.jpg\" alt=\"\" \/><\/a><\/div>\n<h6>Infrastruktur &amp; Services<\/h6>\n<p>Dar\u00fcber hinaus besitzen wir Know-How in verschiedensten Branchen und bieten Ihnen ein breites Service-Spektrum f\u00fcr Arbeiten jeglicher Art. Ob f\u00fcr eine langfristige Zusammenarbeit oder kurzfristige Probleml\u00f6sungen \u2013 wir sind Ihr Qualit\u00e4tspartner.<\/p>\n<a href=\"\/web\/leistungen-weitere-services\/\" target=\"_self\" class=\"button color-3 small \" style=\"border-radius: 2px;\">Mehr erfahren<\/a><\/div>[\/vc_column][\/vc_row][vc_row type=&#8220;full_width_section&#8220; top_padding=&#8220;40&#8243;][vc_column]<h1 class=\"headline font-special fontsize-xxl fontweight-600 lh-inherit align-center transform-inherit \" style=\"margin: 60px 0 10px 0;\">UNSERE KOMPETENZEN = IHR VORTEIL<\/h1><div class=\"divider divider8\" style='margin:0 0 30px 0 !important;'><\/div>[\/vc_column][\/vc_row][vc_row type=&#8220;full_width_section&#8220;][vc_column width=&#8220;1\/3&#8243;]<div class=\"iconbox  wpb_content_element iconbox-style-2 icon-color-accent color-dark clearfix\"><div class=\"iconbox-icon\"><i class=\"fa fa-angle-double-right boxicon\" style=\"\"><\/i><\/div><div class=\"iconbox-content\"><h3>EFFIZIENT UND KOSTENG\u00dcNSTIG F\u00dcR SIE<\/h3><p>Wir erzielen mit Ihnen Einsparungen f\u00fcr Ihr Unternehmen durch eine ausgelagerte Effizienzsteigerung.<\/p><\/div><\/div>[\/vc_column][vc_column width=&#8220;1\/3&#8243;]<div class=\"iconbox  wpb_content_element iconbox-style-2 icon-color-accent color-dark clearfix\"><div class=\"iconbox-icon\"><i class=\"fa fa-angle-double-right boxicon\" style=\"\"><\/i><\/div><div class=\"iconbox-content\"><h3>25 JAHRE ERFAHRUNG ALS QUALIT\u00c4TSPARTNER<\/h3><p>Profitieren Sie von unseren langj\u00e4hrigen Erfahrungen rund um die Auslagerung von Wertsch\u00f6pfungsschritten.<\/p><\/div><\/div>[\/vc_column][vc_column width=&#8220;1\/3&#8243;]<div class=\"iconbox  wpb_content_element iconbox-style-2 icon-color-accent color-dark clearfix\"><div class=\"iconbox-icon\"><i class=\"fa fa-angle-double-right boxicon\" style=\"\"><\/i><\/div><div class=\"iconbox-content\"><h3>KOMPETENT, FLEXIBEL UND ZUVERL\u00c4SSIG<\/h3><p>Erhalten Sie von uns f\u00fcr Ihr Unternehmen perfekt zugeschnittene und reibungslose Dienstleistungen.<\/p><\/div><\/div>[\/vc_column][\/vc_row][vc_row type=&#8220;full_width_section&#8220; top_padding=&#8220;40&#8243;][vc_column]<h1 class=\"headline font-special fontsize-xxl fontweight-600 lh-inherit align-center transform-inherit \" style=\"margin: 60px 0 10px 0;\">SEIT \u00dcBER 25 JAHREN IHR PARTNER F\u00dcR OUTSOURCING IN OSTWESTFALEN-LIPPE<\/h1><div class=\"divider divider8\" style='margin:0 0 30px 0 !important;'><\/div>[\/vc_column][\/vc_row][vc_row][vc_column width=&#8220;1\/3&#8243;]<div class=\"single_image wpb_content_element align-left    \" data-animation=\"none\" data-delay=\"0\"><img loading=\"lazy\" decoding=\"async\" width=\"2000\" height=\"1218\" src=\"https:\/\/mvssteinheim.de\/web\/wp-content\/uploads\/2018\/08\/140718-135454-e1534714078327.jpg\" class=\"attachment-full\" alt=\"\" \/><\/div>[\/vc_column][vc_column width=&#8220;1\/3&#8243;]<div class=\"single_image wpb_content_element align-left    \" data-animation=\"none\" data-delay=\"0\"><img loading=\"lazy\" decoding=\"async\" width=\"2000\" height=\"1325\" src=\"https:\/\/mvssteinheim.de\/web\/wp-content\/uploads\/2018\/08\/140718-140006-e1534713872948.jpg\" class=\"attachment-full\" alt=\"\" \/><\/div>[\/vc_column][vc_column width=&#8220;1\/3&#8243;]<div class=\"single_image wpb_content_element align-left    \" data-animation=\"none\" data-delay=\"0\"><img loading=\"lazy\" decoding=\"async\" width=\"2953\" height=\"1956\" src=\"https:\/\/mvssteinheim.de\/web\/wp-content\/uploads\/2018\/08\/180718-150214.jpg\" class=\"attachment-full\" alt=\"\" srcset=\"https:\/\/mvssteinheim.de\/web\/wp-content\/uploads\/2018\/08\/180718-150214.jpg 2953w, https:\/\/mvssteinheim.de\/web\/wp-content\/uploads\/2018\/08\/180718-150214-300x199.jpg 300w, https:\/\/mvssteinheim.de\/web\/wp-content\/uploads\/2018\/08\/180718-150214-768x509.jpg 768w, https:\/\/mvssteinheim.de\/web\/wp-content\/uploads\/2018\/08\/180718-150214-1030x682.jpg 1030w, https:\/\/mvssteinheim.de\/web\/wp-content\/uploads\/2018\/08\/180718-150214-1500x994.jpg 1500w, https:\/\/mvssteinheim.de\/web\/wp-content\/uploads\/2018\/08\/180718-150214-705x467.jpg 705w, https:\/\/mvssteinheim.de\/web\/wp-content\/uploads\/2018\/08\/180718-150214-450x298.jpg 450w\" sizes=\"(max-width: 2953px) 100vw, 2953px\" \/><\/div>[\/vc_column][\/vc_row]<\/p>\n","protected":false},"excerpt":{"rendered":"<p>[vc_row type=&#8220;full_width_section&#8220; bg_color=&#8220;#e4332d&#8220;][vc_column width=&#8220;1\/1&#8243;][\/vc_column][\/vc_row][vc_row][vc_column][\/vc_column][\/vc_row][vc_row][vc_column width=&#8220;1\/3&#8243;][\/vc_column][vc_column width=&#8220;1\/3&#8243;][\/vc_column][vc_column width=&#8220;1\/3&#8243;][\/vc_column][\/vc_row][vc_row type=&#8220;full_width_section&#8220; top_padding=&#8220;40&#8243;][vc_column][\/vc_column][\/vc_row][vc_row type=&#8220;full_width_section&#8220;][vc_column width=&#8220;1\/3&#8243;][\/vc_column][vc_column width=&#8220;1\/3&#8243;][\/vc_column][vc_column width=&#8220;1\/3&#8243;][\/vc_column][\/vc_row][vc_row type=&#8220;full_width_section&#8220; top_padding=&#8220;40&#8243;][vc_column][\/vc_column][\/vc_row][vc_row][vc_column width=&#8220;1\/3&#8243;][\/vc_column][vc_column width=&#8220;1\/3&#8243;][\/vc_column][vc_column width=&#8220;1\/3&#8243;][\/vc_column][\/vc_row]<\/p>\n","protected":false},"author":1,"featured_media":0,"parent":0,"menu_order":1,"comment_status":"closed","ping_status":"closed","template":"","meta":{"footnotes":""},"_links":{"self":[{"href":"https:\/\/mvssteinheim.de\/web\/wp-json\/wp\/v2\/pages\/414"}],"collection":[{"href":"https:\/\/mvssteinheim.de\/web\/wp-json\/wp\/v2\/pages"}],"about":[{"href":"https:\/\/mvssteinheim.de\/web\/wp-json\/wp\/v2\/types\/page"}],"author":[{"embeddable":true,"href":"https:\/\/mvssteinheim.de\/web\/wp-json\/wp\/v2\/users\/1"}],"replies":[{"embeddable":true,"href":"https:\/\/mvssteinheim.de\/web\/wp-json\/wp\/v2\/comments?post=414"}],"version-history":[{"count":94,"href":"https:\/\/mvssteinheim.de\/web\/wp-json\/wp\/v2\/pages\/414\/revisions"}],"predecessor-version":[{"id":15743,"href":"https:\/\/mvssteinheim.de\/web\/wp-json\/wp\/v2\/pages\/414\/revisions\/15743"}],"wp:attachment":[{"href":"https:\/\/mvssteinheim.de\/web\/wp-json\/wp\/v2\/media?parent=414"}],"curies":[{"name":"wp","href":"https:\/\/api.w.org\/{rel}","templated":true}]}}